{"id":954,"date":"2025-12-01T09:29:13","date_gmt":"2025-12-01T09:29:13","guid":{"rendered":"https:\/\/cisa.com\/it\/?page_id=954"},"modified":"2026-03-30T12:59:26","modified_gmt":"2026-03-30T10:59:26","slug":"chi-siamo","status":"publish","type":"page","link":"https:\/\/cisa.com\/it\/chi-siamo\/","title":{"rendered":"Chi Siamo"},"content":{"rendered":"","protected":false},"excerpt":{"rendered":"","protected":false},"author":5,"featured_media":0,"parent":0,"menu_order":0,"comment_status":"closed","ping_status":"closed","template":"templates\/tpl-dynamic.php","meta":{"_acf_changed":false,"editor_notices":[],"footnotes":""},"class_list":["post-954","page","type-page","status-publish","hentry"],"acf":[],"yoast_head":"<!-- This site is optimized with the Yoast SEO plugin v27.4 - https:\/\/yoast.com\/product\/yoast-seo-wordpress\/ -->\n<title>CISA: la vostra sicurezza \u00e8 la nostra priorit\u00e0<\/title>\n<meta name=\"description\" content=\"Dal 1926 CISA, parte del gruppo Allegion, \u00e8 azienda leader di settore per sicurezza domestica, pubblica e commerciale. Scopri i nostri prodotti e servizi.\" \/>\n<meta name=\"robots\" content=\"index, follow, max-snippet:-1, max-image-preview:large, max-video-preview:-1\" \/>\n<link rel=\"canonical\" href=\"https:\/\/cisa.com\/it\/chi-siamo\/\" \/>\n<meta property=\"og:locale\" content=\"it\" \/>\n<meta property=\"og:type\" content=\"article\" \/>\n<meta property=\"og:title\" content=\"CISA: la vostra sicurezza \u00e8 la nostra priorit\u00e0\" \/>\n<meta property=\"og:description\" content=\"Dal 1926 CISA, parte del gruppo Allegion, \u00e8 azienda leader di settore per sicurezza domestica, pubblica e commerciale. Scopri i nostri prodotti e servizi.\" \/>\n<meta property=\"og:url\" content=\"https:\/\/cisa.com\/it\/chi-siamo\/\" \/>\n<meta property=\"og:site_name\" content=\"Cisa | Italian\" \/>\n<meta property=\"article:publisher\" content=\"https:\/\/www.facebook.com\/CISA.serrature\" \/>\n<meta property=\"article:modified_time\" content=\"2026-03-30T10:59:26+00:00\" \/>\n<meta name=\"twitter:card\" content=\"summary_large_image\" \/>\n<script type=\"application\/ld+json\" class=\"yoast-schema-graph\">{\"@context\":\"https:\\\/\\\/schema.org\",\"@graph\":[{\"@type\":\"WebPage\",\"@id\":\"https:\\\/\\\/cisa.com\\\/it\\\/chi-siamo\\\/\",\"url\":\"https:\\\/\\\/cisa.com\\\/it\\\/chi-siamo\\\/\",\"name\":\"CISA: la vostra sicurezza \u00e8 la nostra priorit\u00e0\",\"isPartOf\":{\"@id\":\"https:\\\/\\\/cisa.com\\\/it\\\/#website\"},\"datePublished\":\"2025-12-01T09:29:13+00:00\",\"dateModified\":\"2026-03-30T10:59:26+00:00\",\"description\":\"Dal 1926 CISA, parte del gruppo Allegion, \u00e8 azienda leader di settore per sicurezza domestica, pubblica e commerciale. Scopri i nostri prodotti e servizi.\",\"breadcrumb\":{\"@id\":\"https:\\\/\\\/cisa.com\\\/it\\\/chi-siamo\\\/#breadcrumb\"},\"inLanguage\":\"it\",\"potentialAction\":[{\"@type\":\"ReadAction\",\"target\":[\"https:\\\/\\\/cisa.com\\\/it\\\/chi-siamo\\\/\"]}]},{\"@type\":\"BreadcrumbList\",\"@id\":\"https:\\\/\\\/cisa.com\\\/it\\\/chi-siamo\\\/#breadcrumb\",\"itemListElement\":[{\"@type\":\"ListItem\",\"position\":1,\"name\":\"Home\",\"item\":\"https:\\\/\\\/cisa.com\\\/it\\\/\"},{\"@type\":\"ListItem\",\"position\":2,\"name\":\"Chi Siamo\"}]},{\"@type\":\"WebSite\",\"@id\":\"https:\\\/\\\/cisa.com\\\/it\\\/#website\",\"url\":\"https:\\\/\\\/cisa.com\\\/it\\\/\",\"name\":\"CISA Spa\",\"description\":\"\",\"potentialAction\":[{\"@type\":\"SearchAction\",\"target\":{\"@type\":\"EntryPoint\",\"urlTemplate\":\"https:\\\/\\\/cisa.com\\\/it\\\/?s={search_term_string}\"},\"query-input\":{\"@type\":\"PropertyValueSpecification\",\"valueRequired\":true,\"valueName\":\"search_term_string\"}}],\"inLanguage\":\"en-US\"}]}<\/script>\n<!-- \/ Yoast SEO plugin. -->","yoast_head_json":{"title":"CISA: la vostra sicurezza \u00e8 la nostra priorit\u00e0","description":"Dal 1926 CISA, parte del gruppo Allegion, \u00e8 azienda leader di settore per sicurezza domestica, pubblica e commerciale. Scopri i nostri prodotti e servizi.","robots":{"index":"index","follow":"follow","max-snippet":"max-snippet:-1","max-image-preview":"max-image-preview:large","max-video-preview":"max-video-preview:-1"},"canonical":"https:\/\/cisa.com\/it\/chi-siamo\/","og_locale":"it","og_type":"article","og_title":"CISA: la vostra sicurezza \u00e8 la nostra priorit\u00e0","og_description":"Dal 1926 CISA, parte del gruppo Allegion, \u00e8 azienda leader di settore per sicurezza domestica, pubblica e commerciale. Scopri i nostri prodotti e servizi.","og_url":"https:\/\/cisa.com\/it\/chi-siamo\/","og_site_name":"Cisa | Italian","article_publisher":"https:\/\/www.facebook.com\/CISA.serrature","article_modified_time":"2026-03-30T10:59:26+00:00","twitter_card":"summary_large_image","schema":{"@context":"https:\/\/schema.org","@graph":[{"@type":"WebPage","@id":"https:\/\/cisa.com\/it\/chi-siamo\/","url":"https:\/\/cisa.com\/it\/chi-siamo\/","name":"CISA: la vostra sicurezza \u00e8 la nostra priorit\u00e0","isPartOf":{"@id":"https:\/\/cisa.com\/it\/#website"},"datePublished":"2025-12-01T09:29:13+00:00","dateModified":"2026-03-30T10:59:26+00:00","description":"Dal 1926 CISA, parte del gruppo Allegion, \u00e8 azienda leader di settore per sicurezza domestica, pubblica e commerciale. Scopri i nostri prodotti e servizi.","breadcrumb":{"@id":"https:\/\/cisa.com\/it\/chi-siamo\/#breadcrumb"},"inLanguage":"it","potentialAction":[{"@type":"ReadAction","target":["https:\/\/cisa.com\/it\/chi-siamo\/"]}]},{"@type":"BreadcrumbList","@id":"https:\/\/cisa.com\/it\/chi-siamo\/#breadcrumb","itemListElement":[{"@type":"ListItem","position":1,"name":"Home","item":"https:\/\/cisa.com\/it\/"},{"@type":"ListItem","position":2,"name":"Chi Siamo"}]},{"@type":"WebSite","@id":"https:\/\/cisa.com\/it\/#website","url":"https:\/\/cisa.com\/it\/","name":"CISA Spa","description":"","potentialAction":[{"@type":"SearchAction","target":{"@type":"EntryPoint","urlTemplate":"https:\/\/cisa.com\/it\/?s={search_term_string}"},"query-input":{"@type":"PropertyValueSpecification","valueRequired":true,"valueName":"search_term_string"}}],"inLanguage":"en-US"}]}},"jetpack_sharing_enabled":true,"_links":{"self":[{"href":"https:\/\/cisa.com\/it\/wp-json\/wp\/v2\/pages\/954","targetHints":{"allow":["GET"]}}],"collection":[{"href":"https:\/\/cisa.com\/it\/wp-json\/wp\/v2\/pages"}],"about":[{"href":"https:\/\/cisa.com\/it\/wp-json\/wp\/v2\/types\/page"}],"author":[{"embeddable":true,"href":"https:\/\/cisa.com\/it\/wp-json\/wp\/v2\/users\/5"}],"replies":[{"embeddable":true,"href":"https:\/\/cisa.com\/it\/wp-json\/wp\/v2\/comments?post=954"}],"version-history":[{"count":42,"href":"https:\/\/cisa.com\/it\/wp-json\/wp\/v2\/pages\/954\/revisions"}],"predecessor-version":[{"id":3683,"href":"https:\/\/cisa.com\/it\/wp-json\/wp\/v2\/pages\/954\/revisions\/3683"}],"wp:attachment":[{"href":"https:\/\/cisa.com\/it\/wp-json\/wp\/v2\/media?parent=954"}],"curies":[{"name":"wp","href":"https:\/\/api.w.org\/{rel}","templated":true}]}}